{"id":1075,"date":"2024-04-25T18:19:42","date_gmt":"2024-04-25T22:19:42","guid":{"rendered":"https:\/\/raquelregalado.com\/?page_id=1075"},"modified":"2024-11-15T17:40:52","modified_gmt":"2024-11-15T22:40:52","slug":"noticias-y-actualizaciones","status":"publish","type":"page","link":"https:\/\/raquelregalado.com\/es\/noticias-y-actualizaciones\/","title":{"rendered":"Noticias y Actualizaciones"},"content":{"rendered":"\t\t<div data-elementor-type=\"wp-page\" data-elementor-id=\"1075\" class=\"elementor elementor-1075 elementor-803\" data-elementor-post-type=\"page\">\n\t\t\t\t<div class=\"elementor-element elementor-element-6d0c105 e-con-full e-flex e-con e-parent\" data-id=\"6d0c105\" data-element_type=\"container\">\n\t\t<div class=\"elementor-element elementor-element-6c00dc1 e-con-full e-flex e-con e-child\" data-id=\"6c00dc1\" data-element_type=\"container\" data-settings=\"{&quot;background_background&quot;:&quot;classic&quot;}\">\n\t\t\t\t<\/div>\n\t\t\t\t<\/div>\n\t\t<div class=\"elementor-element elementor-element-84f0efb e-flex e-con-boxed e-con e-parent\" data-id=\"84f0efb\" data-element_type=\"container\">\n\t\t\t\t\t<div class=\"e-con-inner\">\n\t\t<div class=\"elementor-element elementor-element-f57529c e-con-full e-flex e-con e-child\" data-id=\"f57529c\" data-element_type=\"container\">\n\t\t\t\t<div class=\"elementor-element elementor-element-211f05f elementor-widget-divider--view-line elementor-widget elementor-widget-divider\" data-id=\"211f05f\" data-element_type=\"widget\" data-widget_type=\"divider.default\">\n\t\t\t\t<div class=\"elementor-widget-container\">\n\t\t\t\t\t\t\t<div class=\"elementor-divider\">\n\t\t\t<span class=\"elementor-divider-separator\">\n\t\t\t\t\t\t<\/span>\n\t\t<\/div>\n\t\t\t\t\t\t<\/div>\n\t\t\t\t<\/div>\n\t\t\t\t<div class=\"elementor-element elementor-element-e6ad684 elementor-posts--align-left elementor-grid-3 elementor-grid-tablet-2 elementor-grid-mobile-1 elementor-posts--thumbnail-top elementor-card-shadow-yes elementor-posts__hover-gradient elementor-widget elementor-widget-posts\" data-id=\"e6ad684\" data-element_type=\"widget\" data-settings=\"{&quot;cards_columns&quot;:&quot;3&quot;,&quot;cards_columns_tablet&quot;:&quot;2&quot;,&quot;cards_columns_mobile&quot;:&quot;1&quot;,&quot;cards_row_gap&quot;:{&quot;unit&quot;:&quot;px&quot;,&quot;size&quot;:35,&quot;sizes&quot;:[]},&quot;cards_row_gap_laptop&quot;:{&quot;unit&quot;:&quot;px&quot;,&quot;size&quot;:&quot;&quot;,&quot;sizes&quot;:[]},&quot;cards_row_gap_tablet&quot;:{&quot;unit&quot;:&quot;px&quot;,&quot;size&quot;:&quot;&quot;,&quot;sizes&quot;:[]},&quot;cards_row_gap_mobile&quot;:{&quot;unit&quot;:&quot;px&quot;,&quot;size&quot;:&quot;&quot;,&quot;sizes&quot;:[]}}\" data-widget_type=\"posts.cards\">\n\t\t\t\t<div class=\"elementor-widget-container\">\n\t\t\t\t\t\t\t<div class=\"elementor-posts-container elementor-posts elementor-posts--skin-cards elementor-grid\">\n\t\t\t\t<article class=\"elementor-post elementor-grid-item post-1211 post type-post status-publish format-standard has-post-thumbnail hentry category-sin-categorizar\">\n\t\t\t<div class=\"elementor-post__card\">\n\t\t\t\t<a class=\"elementor-post__thumbnail__link\" href=\"https:\/\/raquelregalado.com\/es\/miami-dade-lanza-calcomanias-para-personas-con-autismo-puede-que-no-respondan-a-comandos-verbales\/\" tabindex=\"-1\" target=\"_blank\"><div class=\"elementor-post__thumbnail\"><img fetchpriority=\"high\" decoding=\"async\" width=\"1287\" height=\"831\" src=\"https:\/\/raquelregalado.com\/wp-content\/uploads\/2024\/04\/Screen-Shot-2024-04-24-at-5.25.07-PM.jpg\" class=\"attachment-full size-full wp-image-1047\" alt=\"\" srcset=\"https:\/\/raquelregalado.com\/wp-content\/uploads\/2024\/04\/Screen-Shot-2024-04-24-at-5.25.07-PM.jpg 1287w, https:\/\/raquelregalado.com\/wp-content\/uploads\/2024\/04\/Screen-Shot-2024-04-24-at-5.25.07-PM-300x194.jpg 300w, https:\/\/raquelregalado.com\/wp-content\/uploads\/2024\/04\/Screen-Shot-2024-04-24-at-5.25.07-PM-1024x661.jpg 1024w, https:\/\/raquelregalado.com\/wp-content\/uploads\/2024\/04\/Screen-Shot-2024-04-24-at-5.25.07-PM-768x496.jpg 768w\" sizes=\"(max-width: 1287px) 100vw, 1287px\" \/><\/div><\/a>\n\t\t\t\t<div class=\"elementor-post__text\">\n\t\t\t\t<h3 class=\"elementor-post__title\">\n\t\t\t<a href=\"https:\/\/raquelregalado.com\/es\/miami-dade-lanza-calcomanias-para-personas-con-autismo-puede-que-no-respondan-a-comandos-verbales\/\" target=&quot;_blank&quot;>\n\t\t\t\tMiami-Dade lanza calcoman\u00edas para personas con autismo: \u201cPuede que no respondan a comandos verbales\u201d\t\t\t<\/a>\n\t\t<\/h3>\n\t\t\t\t\t<div class=\"elementor-post__read-more-wrapper\">\n\t\t\n\t\t<a class=\"elementor-post__read-more\" href=\"https:\/\/raquelregalado.com\/es\/miami-dade-lanza-calcomanias-para-personas-con-autismo-puede-que-no-respondan-a-comandos-verbales\/\" aria-label=\"M\u00e1s informaci\u00f3n sobre Miami-Dade lanza calcoman\u00edas para personas con autismo: \u201cPuede que no respondan a comandos verbales\u201d\" tabindex=\"-1\" target=\"_blank\">\n\t\t\tLeer M\u00e1s \u00bb\t\t<\/a>\n\n\t\t\t\t\t<\/div>\n\t\t\t\t<\/div>\n\t\t\t\t<div class=\"elementor-post__meta-data\">\n\t\t\t\t\t<span class=\"elementor-post-author\">\n\t\t\tCommissioner Raquel Regalado\t\t<\/span>\n\t\t\t\t<span class=\"elementor-post-date\">\n\t\t\tmayo 2, 2024\t\t<\/span>\n\t\t\t\t<\/div>\n\t\t\t\t\t<\/div>\n\t\t<\/article>\n\t\t\t\t<article class=\"elementor-post elementor-grid-item post-1182 post type-post status-publish format-standard has-post-thumbnail hentry category-sin-categorizar\">\n\t\t\t<div class=\"elementor-post__card\">\n\t\t\t\t<a class=\"elementor-post__thumbnail__link\" href=\"https:\/\/raquelregalado.com\/es\/el-programa-de-calcomanias-para-el-autismo-es-personal-para-la-comisionada-del-condado-raquel-regalado\/\" tabindex=\"-1\" target=\"_blank\"><div class=\"elementor-post__thumbnail\"><img decoding=\"async\" width=\"701\" height=\"670\" src=\"https:\/\/raquelregalado.com\/wp-content\/uploads\/2024\/04\/Screen-Shot-2024-03-28-at-12.19.54-PM-701x670-1.jpg\" class=\"attachment-full size-full wp-image-1045\" alt=\"\" srcset=\"https:\/\/raquelregalado.com\/wp-content\/uploads\/2024\/04\/Screen-Shot-2024-03-28-at-12.19.54-PM-701x670-1.jpg 701w, https:\/\/raquelregalado.com\/wp-content\/uploads\/2024\/04\/Screen-Shot-2024-03-28-at-12.19.54-PM-701x670-1-300x287.jpg 300w\" sizes=\"(max-width: 701px) 100vw, 701px\" \/><\/div><\/a>\n\t\t\t\t<div class=\"elementor-post__text\">\n\t\t\t\t<h3 class=\"elementor-post__title\">\n\t\t\t<a href=\"https:\/\/raquelregalado.com\/es\/el-programa-de-calcomanias-para-el-autismo-es-personal-para-la-comisionada-del-condado-raquel-regalado\/\" target=&quot;_blank&quot;>\n\t\t\t\tEl programa de calcoman\u00edas para el autismo es personal para la Comisionada del Condado, Raquel Regalado\t\t\t<\/a>\n\t\t<\/h3>\n\t\t\t\t\t<div class=\"elementor-post__read-more-wrapper\">\n\t\t\n\t\t<a class=\"elementor-post__read-more\" href=\"https:\/\/raquelregalado.com\/es\/el-programa-de-calcomanias-para-el-autismo-es-personal-para-la-comisionada-del-condado-raquel-regalado\/\" aria-label=\"M\u00e1s informaci\u00f3n sobre El programa de calcoman\u00edas para el autismo es personal para la Comisionada del Condado, Raquel Regalado\" tabindex=\"-1\" target=\"_blank\">\n\t\t\tLeer M\u00e1s \u00bb\t\t<\/a>\n\n\t\t\t\t\t<\/div>\n\t\t\t\t<\/div>\n\t\t\t\t<div class=\"elementor-post__meta-data\">\n\t\t\t\t\t<span class=\"elementor-post-author\">\n\t\t\tCommissioner Raquel Regalado\t\t<\/span>\n\t\t\t\t<span class=\"elementor-post-date\">\n\t\t\tmayo 2, 2024\t\t<\/span>\n\t\t\t\t<\/div>\n\t\t\t\t\t<\/div>\n\t\t<\/article>\n\t\t\t\t<\/div>\n\t\t\n\t\t\t\t\t\t<\/div>\n\t\t\t\t<\/div>\n\t\t\t\t<\/div>\n\t\t\t\t\t<\/div>\n\t\t\t\t<\/div>\n\t\t<div class=\"elementor-element elementor-element-761e32d e-con-full elementor-hidden-desktop elementor-hidden-laptop elementor-hidden-tablet elementor-hidden-mobile e-flex e-con e-parent\" data-id=\"761e32d\" data-element_type=\"container\">\n\t\t<div class=\"elementor-element elementor-element-c3fa70e e-flex e-con-boxed e-con e-child\" data-id=\"c3fa70e\" data-element_type=\"container\" data-settings=\"{&quot;background_background&quot;:&quot;classic&quot;}\">\n\t\t\t\t\t<div class=\"e-con-inner\">\n\t\t<div class=\"elementor-element elementor-element-d5afecc e-flex e-con-boxed e-con e-child\" data-id=\"d5afecc\" data-element_type=\"container\">\n\t\t\t\t\t<div class=\"e-con-inner\">\n\t\t<div class=\"elementor-element elementor-element-805bc72 e-con-full e-flex e-con e-child\" data-id=\"805bc72\" data-element_type=\"container\" data-settings=\"{&quot;background_background&quot;:&quot;classic&quot;}\">\n\t\t\t\t<div class=\"elementor-element elementor-element-7da7105 elementor-widget elementor-widget-heading\" data-id=\"7da7105\" data-element_type=\"widget\" data-widget_type=\"heading.default\">\n\t\t\t\t<div class=\"elementor-widget-container\">\n\t\t\t\t\t<div class=\"elementor-heading-title elementor-size-default\"><a href=\"https:\/\/secure.anedot.com\/raquel-regalado-campaign\/donate?amounts=10\">$10<\/a><\/div>\t\t\t\t<\/div>\n\t\t\t\t<\/div>\n\t\t\t\t<\/div>\n\t\t<div class=\"elementor-element elementor-element-3c82ad8 e-con-full e-flex e-con e-child\" data-id=\"3c82ad8\" data-element_type=\"container\" data-settings=\"{&quot;background_background&quot;:&quot;classic&quot;}\">\n\t\t\t\t<div class=\"elementor-element elementor-element-74f4ce6 elementor-widget elementor-widget-heading\" data-id=\"74f4ce6\" data-element_type=\"widget\" data-widget_type=\"heading.default\">\n\t\t\t\t<div class=\"elementor-widget-container\">\n\t\t\t\t\t<div class=\"elementor-heading-title elementor-size-default\"><a href=\"https:\/\/secure.anedot.com\/raquel-regalado-campaign\/donate?amounts=25\">$25<\/a><\/div>\t\t\t\t<\/div>\n\t\t\t\t<\/div>\n\t\t\t\t<\/div>\n\t\t<div class=\"elementor-element elementor-element-3cd5bae e-con-full e-flex e-con e-child\" data-id=\"3cd5bae\" data-element_type=\"container\" data-settings=\"{&quot;background_background&quot;:&quot;classic&quot;}\">\n\t\t\t\t<div class=\"elementor-element elementor-element-c3c9b1e elementor-widget elementor-widget-heading\" data-id=\"c3c9b1e\" data-element_type=\"widget\" data-widget_type=\"heading.default\">\n\t\t\t\t<div class=\"elementor-widget-container\">\n\t\t\t\t\t<div class=\"elementor-heading-title elementor-size-default\"><a href=\"https:\/\/secure.anedot.com\/raquel-regalado-campaign\/donate?amounts=50\">$50<\/a><\/div>\t\t\t\t<\/div>\n\t\t\t\t<\/div>\n\t\t\t\t<\/div>\n\t\t<div class=\"elementor-element elementor-element-f520ebd e-con-full e-flex e-con e-child\" data-id=\"f520ebd\" data-element_type=\"container\" data-settings=\"{&quot;background_background&quot;:&quot;classic&quot;}\">\n\t\t\t\t<div class=\"elementor-element elementor-element-555b98c elementor-widget elementor-widget-heading\" data-id=\"555b98c\" data-element_type=\"widget\" data-widget_type=\"heading.default\">\n\t\t\t\t<div class=\"elementor-widget-container\">\n\t\t\t\t\t<div class=\"elementor-heading-title elementor-size-default\"><a href=\"https:\/\/secure.anedot.com\/raquel-regalado-campaign\/donate?amounts=100\">$100<\/a><\/div>\t\t\t\t<\/div>\n\t\t\t\t<\/div>\n\t\t\t\t<\/div>\n\t\t<div class=\"elementor-element elementor-element-fd358eb e-con-full e-flex e-con e-child\" data-id=\"fd358eb\" data-element_type=\"container\" data-settings=\"{&quot;background_background&quot;:&quot;classic&quot;}\">\n\t\t\t\t<div class=\"elementor-element elementor-element-d5425af elementor-widget elementor-widget-heading\" data-id=\"d5425af\" data-element_type=\"widget\" data-widget_type=\"heading.default\">\n\t\t\t\t<div class=\"elementor-widget-container\">\n\t\t\t\t\t<div class=\"elementor-heading-title elementor-size-default\"><a href=\"https:\/\/secure.anedot.com\/raquel-regalado-campaign\/donate?amounts=250\">$250<\/a><\/div>\t\t\t\t<\/div>\n\t\t\t\t<\/div>\n\t\t\t\t<\/div>\n\t\t<div class=\"elementor-element elementor-element-e8d86d8 e-con-full e-flex e-con e-child\" data-id=\"e8d86d8\" data-element_type=\"container\" data-settings=\"{&quot;background_background&quot;:&quot;classic&quot;}\">\n\t\t\t\t<div class=\"elementor-element elementor-element-0758f27 elementor-widget elementor-widget-heading\" data-id=\"0758f27\" data-element_type=\"widget\" data-widget_type=\"heading.default\">\n\t\t\t\t<div class=\"elementor-widget-container\">\n\t\t\t\t\t<div class=\"elementor-heading-title elementor-size-default\"><a href=\"https:\/\/secure.anedot.com\/raquel-regalado-campaign\/donate\">OTRO MONTO<\/a><\/div>\t\t\t\t<\/div>\n\t\t\t\t<\/div>\n\t\t\t\t<\/div>\n\t\t\t\t\t<\/div>\n\t\t\t\t<\/div>\n\t\t<div class=\"elementor-element elementor-element-6638cd1 e-flex e-con-boxed e-con e-child\" data-id=\"6638cd1\" data-element_type=\"container\">\n\t\t\t\t\t<div class=\"e-con-inner\">\n\t\t\t\t<div class=\"elementor-element elementor-element-d7b85b6 elementor-widget__width-initial elementor-widget-mobile__width-inherit elementor-widget elementor-widget-heading\" data-id=\"d7b85b6\" data-element_type=\"widget\" data-widget_type=\"heading.default\">\n\t\t\t\t<div class=\"elementor-widget-container\">\n\t\t\t\t\t<div class=\"elementor-heading-title elementor-size-default\"><strong>Apoya<\/strong><br>\ncon una<br>\n<strong>Donaci\u00f3n.<\/strong><\/div>\t\t\t\t<\/div>\n\t\t\t\t<\/div>\n\t\t\t\t<div class=\"elementor-element elementor-element-e9ab16b elementor-widget__width-initial elementor-widget elementor-widget-heading\" data-id=\"e9ab16b\" data-element_type=\"widget\" data-widget_type=\"heading.default\">\n\t\t\t\t<div class=\"elementor-widget-container\">\n\t\t\t\t\t<div class=\"elementor-heading-title elementor-size-default\">\u00danete a Raquel Regalado en la construcci\u00f3n de un mejor ma\u00f1ana <br>para el condado de Miami-Dade.<\/div>\t\t\t\t<\/div>\n\t\t\t\t<\/div>\n\t\t\t\t\t<\/div>\n\t\t\t\t<\/div>\n\t\t\t\t\t<\/div>\n\t\t\t\t<\/div>\n\t\t\t\t<\/div>\n\t\t\t\t<\/div>\n\t\t","protected":false},"excerpt":{"rendered":"<p>$10<\/p>\n","protected":false},"author":6,"featured_media":0,"parent":0,"menu_order":0,"comment_status":"closed","ping_status":"closed","template":"elementor_header_footer","meta":{"_kad_post_transparent":"","_kad_post_title":"hide","_kad_post_layout":"","_kad_post_sidebar_id":"","_kad_post_content_style":"","_kad_post_vertical_padding":"","_kad_post_feature":"","_kad_post_feature_position":"","_kad_post_header":false,"_kad_post_footer":false,"footnotes":""},"class_list":["post-1075","page","type-page","status-publish","hentry"],"yoast_head":"<!-- This site is optimized with the Yoast SEO plugin v24.8.1 - https:\/\/yoast.com\/wordpress\/plugins\/seo\/ -->\n<title>Latest News &amp; Community Updates from Raquel Regalado | Miami-Dade District 7<\/title>\n<meta name=\"description\" content=\"Stay informed with the latest news from Commissioner Raquel Regalado. Explore updates on Miami-Dade&#039;s initiatives in education, community safety, and public infrastructure. Dive into the latest developments in District 7.\" \/>\n<meta name=\"robots\" content=\"index, follow, max-snippet:-1, max-image-preview:large, max-video-preview:-1\" \/>\n<link rel=\"canonical\" href=\"https:\/\/raquelregalado.com\/es\/noticias-y-actualizaciones\/\" \/>\n<meta property=\"og:locale\" content=\"es_ES\" \/>\n<meta property=\"og:type\" content=\"article\" \/>\n<meta property=\"og:title\" content=\"Latest News &amp; Community Updates from Raquel Regalado | Miami-Dade District 7\" \/>\n<meta property=\"og:description\" content=\"Stay informed with the latest news from Commissioner Raquel Regalado. Explore updates on Miami-Dade&#039;s initiatives in education, community safety, and public infrastructure. Dive into the latest developments in District 7.\" \/>\n<meta property=\"og:url\" content=\"https:\/\/raquelregalado.com\/es\/noticias-y-actualizaciones\/\" \/>\n<meta property=\"og:site_name\" content=\"Raquel Regalado\" \/>\n<meta property=\"article:publisher\" content=\"https:\/\/www.facebook.com\/raquelregalado\" \/>\n<meta property=\"article:modified_time\" content=\"2024-11-15T22:40:52+00:00\" \/>\n<meta name=\"twitter:card\" content=\"summary_large_image\" \/>\n<meta name=\"twitter:site\" content=\"@raquelregalado\" \/>\n<meta name=\"twitter:label1\" content=\"Tiempo de lectura\" \/>\n\t<meta name=\"twitter:data1\" content=\"1 minuto\" \/>\n<script type=\"application\/ld+json\" class=\"yoast-schema-graph\">{\"@context\":\"https:\/\/schema.org\",\"@graph\":[{\"@type\":\"WebPage\",\"@id\":\"https:\/\/raquelregalado.com\/es\/noticias-y-actualizaciones\/\",\"url\":\"https:\/\/raquelregalado.com\/es\/noticias-y-actualizaciones\/\",\"name\":\"Latest News & Community Updates from Raquel Regalado | Miami-Dade District 7\",\"isPartOf\":{\"@id\":\"https:\/\/raquelregalado.com\/es\/#website\"},\"datePublished\":\"2024-04-25T22:19:42+00:00\",\"dateModified\":\"2024-11-15T22:40:52+00:00\",\"description\":\"Stay informed with the latest news from Commissioner Raquel Regalado. Explore updates on Miami-Dade's initiatives in education, community safety, and public infrastructure. Dive into the latest developments in District 7.\",\"breadcrumb\":{\"@id\":\"https:\/\/raquelregalado.com\/es\/noticias-y-actualizaciones\/#breadcrumb\"},\"inLanguage\":\"es\",\"potentialAction\":[{\"@type\":\"ReadAction\",\"target\":[\"https:\/\/raquelregalado.com\/es\/noticias-y-actualizaciones\/\"]}]},{\"@type\":\"BreadcrumbList\",\"@id\":\"https:\/\/raquelregalado.com\/es\/noticias-y-actualizaciones\/#breadcrumb\",\"itemListElement\":[{\"@type\":\"ListItem\",\"position\":1,\"name\":\"Home\",\"item\":\"https:\/\/raquelregalado.com\/es\/\"},{\"@type\":\"ListItem\",\"position\":2,\"name\":\"Noticias y Actualizaciones\"}]},{\"@type\":\"WebSite\",\"@id\":\"https:\/\/raquelregalado.com\/es\/#website\",\"url\":\"https:\/\/raquelregalado.com\/es\/\",\"name\":\"Raquel Regalado\",\"description\":\"\",\"publisher\":{\"@id\":\"https:\/\/raquelregalado.com\/es\/#organization\"},\"potentialAction\":[{\"@type\":\"SearchAction\",\"target\":{\"@type\":\"EntryPoint\",\"urlTemplate\":\"https:\/\/raquelregalado.com\/es\/?s={search_term_string}\"},\"query-input\":{\"@type\":\"PropertyValueSpecification\",\"valueRequired\":true,\"valueName\":\"search_term_string\"}}],\"inLanguage\":\"es\"},{\"@type\":\"Organization\",\"@id\":\"https:\/\/raquelregalado.com\/es\/#organization\",\"name\":\"Raquel Regalado\",\"url\":\"https:\/\/raquelregalado.com\/es\/\",\"logo\":{\"@type\":\"ImageObject\",\"inLanguage\":\"es\",\"@id\":\"https:\/\/raquelregalado.com\/es\/#\/schema\/logo\/image\/\",\"url\":\"https:\/\/raquelregalado.com\/wp-content\/uploads\/2024\/11\/RR-Logo.png\",\"contentUrl\":\"https:\/\/raquelregalado.com\/wp-content\/uploads\/2024\/11\/RR-Logo.png\",\"width\":7856,\"height\":1973,\"caption\":\"Raquel Regalado\"},\"image\":{\"@id\":\"https:\/\/raquelregalado.com\/es\/#\/schema\/logo\/image\/\"},\"sameAs\":[\"https:\/\/www.facebook.com\/raquelregalado\",\"https:\/\/x.com\/raquelregalado\",\"https:\/\/www.instagram.com\/commissionerregalado\/\",\"https:\/\/www.linkedin.com\/in\/raquelregalado\/\"]}]}<\/script>\n<!-- \/ Yoast SEO plugin. -->","yoast_head_json":{"title":"Latest News & Community Updates from Raquel Regalado | Miami-Dade District 7","description":"Stay informed with the latest news from Commissioner Raquel Regalado. Explore updates on Miami-Dade's initiatives in education, community safety, and public infrastructure. Dive into the latest developments in District 7.","robots":{"index":"index","follow":"follow","max-snippet":"max-snippet:-1","max-image-preview":"max-image-preview:large","max-video-preview":"max-video-preview:-1"},"canonical":"https:\/\/raquelregalado.com\/es\/noticias-y-actualizaciones\/","og_locale":"es_ES","og_type":"article","og_title":"Latest News & Community Updates from Raquel Regalado | Miami-Dade District 7","og_description":"Stay informed with the latest news from Commissioner Raquel Regalado. Explore updates on Miami-Dade's initiatives in education, community safety, and public infrastructure. Dive into the latest developments in District 7.","og_url":"https:\/\/raquelregalado.com\/es\/noticias-y-actualizaciones\/","og_site_name":"Raquel Regalado","article_publisher":"https:\/\/www.facebook.com\/raquelregalado","article_modified_time":"2024-11-15T22:40:52+00:00","twitter_card":"summary_large_image","twitter_site":"@raquelregalado","twitter_misc":{"Tiempo de lectura":"1 minuto"},"schema":{"@context":"https:\/\/schema.org","@graph":[{"@type":"WebPage","@id":"https:\/\/raquelregalado.com\/es\/noticias-y-actualizaciones\/","url":"https:\/\/raquelregalado.com\/es\/noticias-y-actualizaciones\/","name":"Latest News & Community Updates from Raquel Regalado | Miami-Dade District 7","isPartOf":{"@id":"https:\/\/raquelregalado.com\/es\/#website"},"datePublished":"2024-04-25T22:19:42+00:00","dateModified":"2024-11-15T22:40:52+00:00","description":"Stay informed with the latest news from Commissioner Raquel Regalado. Explore updates on Miami-Dade's initiatives in education, community safety, and public infrastructure. Dive into the latest developments in District 7.","breadcrumb":{"@id":"https:\/\/raquelregalado.com\/es\/noticias-y-actualizaciones\/#breadcrumb"},"inLanguage":"es","potentialAction":[{"@type":"ReadAction","target":["https:\/\/raquelregalado.com\/es\/noticias-y-actualizaciones\/"]}]},{"@type":"BreadcrumbList","@id":"https:\/\/raquelregalado.com\/es\/noticias-y-actualizaciones\/#breadcrumb","itemListElement":[{"@type":"ListItem","position":1,"name":"Home","item":"https:\/\/raquelregalado.com\/es\/"},{"@type":"ListItem","position":2,"name":"Noticias y Actualizaciones"}]},{"@type":"WebSite","@id":"https:\/\/raquelregalado.com\/es\/#website","url":"https:\/\/raquelregalado.com\/es\/","name":"Raquel Regalado","description":"","publisher":{"@id":"https:\/\/raquelregalado.com\/es\/#organization"},"potentialAction":[{"@type":"SearchAction","target":{"@type":"EntryPoint","urlTemplate":"https:\/\/raquelregalado.com\/es\/?s={search_term_string}"},"query-input":{"@type":"PropertyValueSpecification","valueRequired":true,"valueName":"search_term_string"}}],"inLanguage":"es"},{"@type":"Organization","@id":"https:\/\/raquelregalado.com\/es\/#organization","name":"Raquel Regalado","url":"https:\/\/raquelregalado.com\/es\/","logo":{"@type":"ImageObject","inLanguage":"es","@id":"https:\/\/raquelregalado.com\/es\/#\/schema\/logo\/image\/","url":"https:\/\/raquelregalado.com\/wp-content\/uploads\/2024\/11\/RR-Logo.png","contentUrl":"https:\/\/raquelregalado.com\/wp-content\/uploads\/2024\/11\/RR-Logo.png","width":7856,"height":1973,"caption":"Raquel Regalado"},"image":{"@id":"https:\/\/raquelregalado.com\/es\/#\/schema\/logo\/image\/"},"sameAs":["https:\/\/www.facebook.com\/raquelregalado","https:\/\/x.com\/raquelregalado","https:\/\/www.instagram.com\/commissionerregalado\/","https:\/\/www.linkedin.com\/in\/raquelregalado\/"]}]}},"_links":{"self":[{"href":"https:\/\/raquelregalado.com\/es\/wp-json\/wp\/v2\/pages\/1075","targetHints":{"allow":["GET"]}}],"collection":[{"href":"https:\/\/raquelregalado.com\/es\/wp-json\/wp\/v2\/pages"}],"about":[{"href":"https:\/\/raquelregalado.com\/es\/wp-json\/wp\/v2\/types\/page"}],"author":[{"embeddable":true,"href":"https:\/\/raquelregalado.com\/es\/wp-json\/wp\/v2\/users\/6"}],"replies":[{"embeddable":true,"href":"https:\/\/raquelregalado.com\/es\/wp-json\/wp\/v2\/comments?post=1075"}],"version-history":[{"count":20,"href":"https:\/\/raquelregalado.com\/es\/wp-json\/wp\/v2\/pages\/1075\/revisions"}],"predecessor-version":[{"id":2599,"href":"https:\/\/raquelregalado.com\/es\/wp-json\/wp\/v2\/pages\/1075\/revisions\/2599"}],"wp:attachment":[{"href":"https:\/\/raquelregalado.com\/es\/wp-json\/wp\/v2\/media?parent=1075"}],"curies":[{"name":"wp","href":"https:\/\/api.w.org\/{rel}","templated":true}]}}